{"id":2847,"date":"2025-12-23T09:40:48","date_gmt":"2025-12-23T09:40:48","guid":{"rendered":"https:\/\/www.hermitage.lt\/kibernetio-saugumo-sritis\/perimetro-ir-infrastrukturos-apsauga\/"},"modified":"2025-12-23T09:59:03","modified_gmt":"2025-12-23T09:59:03","slug":"perimetro-ir-infrastrukturos-apsauga","status":"publish","type":"page","link":"https:\/\/www.hermitage.lt\/lt\/kibernetio-saugumo-sritis\/perimetro-ir-infrastrukturos-apsauga\/","title":{"rendered":"Perimetro ir infrastrukt\u016bros apsauga"},"content":{"rendered":"\t\t<div data-elementor-type=\"wp-page\" data-elementor-id=\"2847\" class=\"elementor elementor-2847 elementor-2776\" data-elementor-post-type=\"page\">\n\t\t\t\t<div class=\"elementor-element elementor-element-4403ffe e-flex e-con-boxed e-con e-parent\" data-id=\"4403ffe\" data-element_type=\"container\" data-e-type=\"container\">\n\t\t\t\t\t<div class=\"e-con-inner\">\n\t\t\t\t<div class=\"elementor-element elementor-element-22388b8 elementor-hidden-mobile elementor-widget elementor-widget-heading\" data-id=\"22388b8\" data-element_type=\"widget\" data-e-type=\"widget\" data-widget_type=\"heading.default\">\n\t\t\t\t\t<h2 class=\"elementor-heading-title elementor-size-default\">Perimetro ir infrastrukt\u016bros apsauga<\/h2>\t\t\t\t<\/div>\n\t\t\t\t\t<\/div>\n\t\t\t\t<\/div>\n\t\t<div class=\"elementor-element elementor-element-083de7e e-grid e-con-boxed e-con e-parent\" data-id=\"083de7e\" data-element_type=\"container\" data-e-type=\"container\">\n\t\t\t\t\t<div class=\"e-con-inner\">\n\t\t\t\t<div class=\"elementor-element elementor-element-fe68885 elementor-position-top elementor-widget elementor-widget-image-box\" data-id=\"fe68885\" data-element_type=\"widget\" data-e-type=\"widget\" data-href=\"#\" data-widget_type=\"image-box.default\">\n\t\t\t\t\t<div class=\"elementor-image-box-wrapper\"><figure class=\"elementor-image-box-img\"><img fetchpriority=\"high\" decoding=\"async\" width=\"804\" height=\"268\" src=\"https:\/\/www.hermitage.lt\/wp-content\/uploads\/2025\/12\/cropped-Genians-Horizontal-1-1.webp\" class=\"attachment-full size-full wp-image-1849\" alt=\"\" srcset=\"https:\/\/www.hermitage.lt\/wp-content\/uploads\/2025\/12\/cropped-Genians-Horizontal-1-1.webp 804w, https:\/\/www.hermitage.lt\/wp-content\/uploads\/2025\/12\/cropped-Genians-Horizontal-1-1-300x100.webp 300w, https:\/\/www.hermitage.lt\/wp-content\/uploads\/2025\/12\/cropped-Genians-Horizontal-1-1-768x256.webp 768w\" sizes=\"(max-width: 804px) 100vw, 804px\" \/><\/figure><div class=\"elementor-image-box-content\"><p class=\"elementor-image-box-description\">Tinklo prieigos kontrol\u0117 ir matomumas<\/p><\/div><\/div>\t\t\t\t<\/div>\n\t\t\t\t<div class=\"elementor-element elementor-element-ab80eb1 elementor-position-top elementor-widget elementor-widget-image-box\" data-id=\"ab80eb1\" data-element_type=\"widget\" data-e-type=\"widget\" data-href=\"#\" data-widget_type=\"image-box.default\">\n\t\t\t\t\t<div class=\"elementor-image-box-wrapper\"><figure class=\"elementor-image-box-img\"><a href=\"https:\/\/www.hermitage.lt\/lt\/sophos\/\" tabindex=\"-1\"><img decoding=\"async\" width=\"601\" height=\"66\" src=\"https:\/\/www.hermitage.lt\/wp-content\/uploads\/2025\/10\/sophos-logo.webp\" class=\"attachment-full size-full wp-image-1165\" alt=\"\" \/><\/a><\/figure><div class=\"elementor-image-box-content\"><p class=\"elementor-image-box-description\">Kibernetinio saugumo sprendimai, skirti apsaugai nuo gr\u0117smi\u0173 debesijos, tinklo ir galini\u0173 \u012frengini\u0173 aplinkose.<\/p><\/div><\/div>\t\t\t\t<\/div>\n\t\t\t\t<div class=\"elementor-element elementor-element-c674d18 elementor-position-top elementor-widget elementor-widget-image-box\" data-id=\"c674d18\" data-element_type=\"widget\" data-e-type=\"widget\" data-href=\"#\" data-widget_type=\"image-box.default\">\n\t\t\t\t\t<div class=\"elementor-image-box-wrapper\"><figure class=\"elementor-image-box-img\"><a href=\"https:\/\/www.hermitage.lt\/?page_id=782\" tabindex=\"-1\"><img decoding=\"async\" width=\"470\" height=\"149\" src=\"https:\/\/www.hermitage.lt\/wp-content\/uploads\/2025\/10\/TrendMicro-e1759901464335.webp\" class=\"attachment-full size-full wp-image-1054\" alt=\"\" srcset=\"https:\/\/www.hermitage.lt\/wp-content\/uploads\/2025\/10\/TrendMicro-e1759901464335.webp 470w, https:\/\/www.hermitage.lt\/wp-content\/uploads\/2025\/10\/TrendMicro-e1759901464335-300x95.webp 300w\" sizes=\"(max-width: 470px) 100vw, 470px\" \/><\/a><\/figure><div class=\"elementor-image-box-content\"><p class=\"elementor-image-box-description\">Kibernetinio saugumo sprendimai, skirti apsaugai nuo gr\u0117smi\u0173 debesijos, tinklo ir galini\u0173 \u012frengini\u0173 aplinkose.<\/p><\/div><\/div>\t\t\t\t<\/div>\n\t\t\t\t<div class=\"elementor-element elementor-element-55f30bd elementor-position-top elementor-widget elementor-widget-image-box\" data-id=\"55f30bd\" data-element_type=\"widget\" data-e-type=\"widget\" data-href=\"#\" data-widget_type=\"image-box.default\">\n\t\t\t\t\t<div class=\"elementor-image-box-wrapper\"><figure class=\"elementor-image-box-img\"><img loading=\"lazy\" decoding=\"async\" width=\"300\" height=\"78\" src=\"https:\/\/www.hermitage.lt\/wp-content\/uploads\/2025\/10\/iboss-300x78.png\" class=\"attachment-medium size-medium wp-image-1283\" alt=\"\" srcset=\"https:\/\/www.hermitage.lt\/wp-content\/uploads\/2025\/10\/iboss-300x78.png 300w, https:\/\/www.hermitage.lt\/wp-content\/uploads\/2025\/10\/iboss-768x200.png 768w, https:\/\/www.hermitage.lt\/wp-content\/uploads\/2025\/10\/iboss.png 889w\" sizes=\"(max-width: 300px) 100vw, 300px\" \/><\/figure><div class=\"elementor-image-box-content\"><p class=\"elementor-image-box-description\">Nulin\u0117s pasitik\u0117jimo debes\u0173 tinklo sauga<\/p><\/div><\/div>\t\t\t\t<\/div>\n\t\t\t\t<div class=\"elementor-element elementor-element-2bfc8fb elementor-position-top elementor-widget elementor-widget-image-box\" data-id=\"2bfc8fb\" data-element_type=\"widget\" data-e-type=\"widget\" data-href=\"#\" data-widget_type=\"image-box.default\">\n\t\t\t\t\t<div class=\"elementor-image-box-wrapper\"><figure class=\"elementor-image-box-img\"><a href=\"#\" tabindex=\"-1\"><img loading=\"lazy\" decoding=\"async\" width=\"316\" height=\"144\" src=\"https:\/\/www.hermitage.lt\/wp-content\/uploads\/2025\/12\/acalvio-2.webp\" class=\"attachment-full size-full wp-image-1850\" alt=\"\" srcset=\"https:\/\/www.hermitage.lt\/wp-content\/uploads\/2025\/12\/acalvio-2.webp 316w, https:\/\/www.hermitage.lt\/wp-content\/uploads\/2025\/12\/acalvio-2-300x137.webp 300w\" sizes=\"(max-width: 316px) 100vw, 316px\" \/><\/a><\/figure><div class=\"elementor-image-box-content\"><p class=\"elementor-image-box-description\">Dirbtiniu intelektu pagr\u012fsta autonomin\u0117 kibernetin\u0117 apgaul\u0117<\/p><\/div><\/div>\t\t\t\t<\/div>\n\t\t\t\t<div class=\"elementor-element elementor-element-ea4a345 elementor-position-top elementor-widget elementor-widget-image-box\" data-id=\"ea4a345\" data-element_type=\"widget\" data-e-type=\"widget\" data-href=\"#\" data-widget_type=\"image-box.default\">\n\t\t\t\t\t<div class=\"elementor-image-box-wrapper\"><figure class=\"elementor-image-box-img\"><img loading=\"lazy\" decoding=\"async\" width=\"300\" height=\"48\" src=\"https:\/\/www.hermitage.lt\/wp-content\/uploads\/2025\/10\/clavister-logo-black-300x48.png\" class=\"attachment-medium size-medium wp-image-1279\" alt=\"\" srcset=\"https:\/\/www.hermitage.lt\/wp-content\/uploads\/2025\/10\/clavister-logo-black-300x48.png 300w, https:\/\/www.hermitage.lt\/wp-content\/uploads\/2025\/10\/clavister-logo-black-1024x164.png 1024w, https:\/\/www.hermitage.lt\/wp-content\/uploads\/2025\/10\/clavister-logo-black-768x123.png 768w, https:\/\/www.hermitage.lt\/wp-content\/uploads\/2025\/10\/clavister-logo-black.png 1121w\" sizes=\"(max-width: 300px) 100vw, 300px\" \/><\/figure><div class=\"elementor-image-box-content\"><p class=\"elementor-image-box-description\">Naujos kartos ugniasien\u0117s ir identiteto sauga<\/p><\/div><\/div>\t\t\t\t<\/div>\n\t\t\t\t<div class=\"elementor-element elementor-element-8e52df7 elementor-position-top elementor-widget elementor-widget-image-box\" data-id=\"8e52df7\" data-element_type=\"widget\" data-e-type=\"widget\" data-href=\"#\" data-widget_type=\"image-box.default\">\n\t\t\t\t\t<div class=\"elementor-image-box-wrapper\"><figure class=\"elementor-image-box-img\"><img loading=\"lazy\" decoding=\"async\" width=\"300\" height=\"47\" src=\"https:\/\/www.hermitage.lt\/wp-content\/uploads\/2025\/10\/Arista-networks-logo.svg-300x47.png\" class=\"attachment-medium size-medium wp-image-1275\" alt=\"\" srcset=\"https:\/\/www.hermitage.lt\/wp-content\/uploads\/2025\/10\/Arista-networks-logo.svg-300x47.png 300w, https:\/\/www.hermitage.lt\/wp-content\/uploads\/2025\/10\/Arista-networks-logo.svg-1024x161.png 1024w, https:\/\/www.hermitage.lt\/wp-content\/uploads\/2025\/10\/Arista-networks-logo.svg-768x121.png 768w, https:\/\/www.hermitage.lt\/wp-content\/uploads\/2025\/10\/Arista-networks-logo.svg.png 1200w\" sizes=\"(max-width: 300px) 100vw, 300px\" \/><\/figure><div class=\"elementor-image-box-content\"><p class=\"elementor-image-box-description\">Programin\u0117s \u012frangos pagrindu veikiantys debes\u0173 tinklai ir duomen\u0173 centrai<\/p><\/div><\/div>\t\t\t\t<\/div>\n\t\t\t\t\t<\/div>\n\t\t\t\t<\/div>\n\t\t\t\t<\/div>\n\t\t","protected":false},"excerpt":{"rendered":"<p>Perimetro ir infrastrukt\u016bros apsauga Tinklo prieigos kontrol\u0117 ir matomumas Kibernetinio saugumo sprendimai, skirti apsaugai nuo gr\u0117smi\u0173 debesijos, tinklo ir galini\u0173 [&hellip;]<\/p>\n","protected":false},"author":4,"featured_media":0,"parent":672,"menu_order":0,"comment_status":"closed","ping_status":"closed","template":"","meta":{"_acf_changed":false,"site-sidebar-layout":"no-sidebar","site-content-layout":"","ast-site-content-layout":"full-width-container","site-content-style":"default","site-sidebar-style":"default","ast-global-header-display":"","ast-banner-title-visibility":"","ast-main-header-display":"","ast-hfb-above-header-display":"","ast-hfb-below-header-display":"","ast-hfb-mobile-header-display":"","site-post-title":"disabled","ast-breadcrumbs-content":"","ast-featured-img":"disabled","footer-sml-layout":"","ast-disable-related-posts":"","theme-transparent-header-meta":"","adv-header-id-meta":"","stick-header-meta":"","header-above-stick-meta":"","header-main-stick-meta":"","header-below-stick-meta":"","astra-migrate-meta-layouts":"default","ast-page-background-enabled":"default","ast-page-background-meta":{"desktop":{"background-color":"var(--ast-global-color-5)","background-image":"","background-repeat":"repeat","background-position":"center center","background-size":"auto","background-attachment":"scroll","background-type":"","background-media":"","overlay-type":"","overlay-color":"","overlay-opacity":"","overlay-gradient":""},"tablet":{"background-color":"","background-image":"","background-repeat":"repeat","background-position":"center center","background-size":"auto","background-attachment":"scroll","background-type":"","background-media":"","overlay-type":"","overlay-color":"","overlay-opacity":"","overlay-gradient":""},"mobile":{"background-color":"","background-image":"","background-repeat":"repeat","background-position":"center center","background-size":"auto","background-attachment":"scroll","background-type":"","background-media":"","overlay-type":"","overlay-color":"","overlay-opacity":"","overlay-gradient":""}},"ast-content-background-meta":{"desktop":{"background-color":"var(--ast-global-color-4)","background-image":"","background-repeat":"repeat","background-position":"center center","background-size":"auto","background-attachment":"scroll","background-type":"","background-media":"","overlay-type":"","overlay-color":"","overlay-opacity":"","overlay-gradient":""},"tablet":{"background-color":"var(--ast-global-color-4)","background-image":"","background-repeat":"repeat","background-position":"center center","background-size":"auto","background-attachment":"scroll","background-type":"","background-media":"","overlay-type":"","overlay-color":"","overlay-opacity":"","overlay-gradient":""},"mobile":{"background-color":"var(--ast-global-color-4)","background-image":"","background-repeat":"repeat","background-position":"center center","background-size":"auto","background-attachment":"scroll","background-type":"","background-media":"","overlay-type":"","overlay-color":"","overlay-opacity":"","overlay-gradient":""}},"footnotes":""},"class_list":["post-2847","page","type-page","status-publish","hentry"],"acf":[],"_links":{"self":[{"href":"https:\/\/www.hermitage.lt\/lt\/wp-json\/wp\/v2\/pages\/2847","targetHints":{"allow":["GET"]}}],"collection":[{"href":"https:\/\/www.hermitage.lt\/lt\/wp-json\/wp\/v2\/pages"}],"about":[{"href":"https:\/\/www.hermitage.lt\/lt\/wp-json\/wp\/v2\/types\/page"}],"author":[{"embeddable":true,"href":"https:\/\/www.hermitage.lt\/lt\/wp-json\/wp\/v2\/users\/4"}],"replies":[{"embeddable":true,"href":"https:\/\/www.hermitage.lt\/lt\/wp-json\/wp\/v2\/comments?post=2847"}],"version-history":[{"count":1,"href":"https:\/\/www.hermitage.lt\/lt\/wp-json\/wp\/v2\/pages\/2847\/revisions"}],"predecessor-version":[{"id":2848,"href":"https:\/\/www.hermitage.lt\/lt\/wp-json\/wp\/v2\/pages\/2847\/revisions\/2848"}],"up":[{"embeddable":true,"href":"https:\/\/www.hermitage.lt\/lt\/wp-json\/wp\/v2\/pages\/672"}],"wp:attachment":[{"href":"https:\/\/www.hermitage.lt\/lt\/wp-json\/wp\/v2\/media?parent=2847"}],"curies":[{"name":"wp","href":"https:\/\/api.w.org\/{rel}","templated":true}]}}